{"id":1106,"date":"2023-05-02T14:03:07","date_gmt":"2023-05-02T12:03:07","guid":{"rendered":"http:\/\/bonet.systems\/uvodna-stranka\/"},"modified":"2023-10-12T14:29:25","modified_gmt":"2023-10-12T12:29:25","slug":"uvodna-stranka","status":"publish","type":"page","link":"https:\/\/bonet.systems\/en\/","title":{"rendered":"\u00davodn\u00e1 str\u00e1nka"},"content":{"rendered":"<section  class=\"position-relative animation py-lg-5\"  style=\"background: #2d2e3d\">\n\t        <div class=\"animation position-absolute top-0 end-0 h-100 w-100 d-none d-lg-block text-end overflow-hidden\" data-path=\"https:\/\/bonet.systems\/wp-content\/uploads\/2023\/06\/home_fill.json\"><\/div>\n        <div class=\"container position-relative py-5\">\n\t\t<div class=\"row py-5\">\n\t\t\t<div class=\"col-xl-5 col-lg-6 pt-5\">\n\t\t\t\t<h1 class=\"display-3 text-bonet--white mb-5\">100 % skill,<br \/>0 % spin<\/h1>\n\t\t\t\t<p class=\"lead text-bonet--white mb-5\">We develop, manage, and integrate systems <br \/> in a transparent and straightforward manner.<\/p>\n\t\t\t\t<div class=\"d-flex flex-column flex-sm-row gap-4 mb-5\">\n\t\t\t\t\t\t\t\t\t\t\t\t<a href=\"#form\" class=\"btn btn-lg btn-bonet--primary\" data-select=\"migr\u00e1ciu z\/do cloud\" target=\"_self\" role=\"button\">Contact us<\/a>\n\t\t\t\t\t\t\t\t\t\t\t\t\t\t<\/div>\n\t\t\t\t\t\t\t<\/div>\n\t\t<\/div>\n\t<\/div>\n<\/section>\n\n\n<section  class=\"py-5 text-center\"  >\n\t<div class=\"container pt-lg-5\">\n\t\t<div class=\"row justify-content-center\">\n\t\t\t<div class=\"col-md-10\">\n\t\t\t\t\t\t\t\t                    <p class=\"lead mb-5\">Our clients<\/p>\n                \t\t\t<\/div>\n\t\t<\/div>\n\t<\/div>\n\t<div class=\"container-fluid\">\n\t\t<div class=\"row align-items-center justify-content-center pb-lg-5\">\n\t\t\t\t\t\t\t\t\t<div class=\"col-xl-2 col-lg-3 col-md-4 col-6 my-3\">\n\t\t\t\t\t\t\t<img decoding=\"async\" class=\"mw-100\" src=\"https:\/\/i0.wp.com\/bonet.systems\/wp-content\/uploads\/2023\/03\/eset1.png?fit=95%2C37&#038;ssl=1\"  srcset=\"https:\/\/bonet.systems\/wp-content\/uploads\/2023\/03\/eset1@2x.png 2x\"  alt=\"\" \/>\n\t\t\t\t\t\t<\/div>\n\t\t\t\t\t\t\t\t\t\t<div class=\"col-xl-2 col-lg-3 col-md-4 col-6 my-3\">\n\t\t\t\t\t\t\t<img decoding=\"async\" class=\"mw-100\" src=\"https:\/\/i0.wp.com\/bonet.systems\/wp-content\/uploads\/2023\/05\/dennikn-n-grey.png?fit=36%2C36&#038;ssl=1\"  srcset=\"https:\/\/bonet.systems\/wp-content\/uploads\/2023\/05\/dennikn-n-grey@2x.png 2x\"  alt=\"\" \/>\n\t\t\t\t\t\t<\/div>\n\t\t\t\t\t\t\t\t\t\t<div class=\"col-xl-2 col-lg-3 col-md-4 col-6 my-3\">\n\t\t\t\t\t\t\t<img decoding=\"async\" class=\"mw-100\" src=\"https:\/\/i0.wp.com\/bonet.systems\/wp-content\/uploads\/2023\/03\/telekom.png?fit=88%2C43&#038;ssl=1\"  srcset=\"https:\/\/bonet.systems\/wp-content\/uploads\/2023\/03\/telekom@2x.png 2x\"  alt=\"\" \/>\n\t\t\t\t\t\t<\/div>\n\t\t\t\t\t\t\t\t\t\t<div class=\"col-xl-2 col-lg-3 col-md-4 col-6 my-3\">\n\t\t\t\t\t\t\t<img decoding=\"async\" class=\"mw-100\" src=\"https:\/\/i0.wp.com\/bonet.systems\/wp-content\/uploads\/2023\/03\/bigmedia1.png?fit=194%2C37&#038;ssl=1\"  srcset=\"https:\/\/bonet.systems\/wp-content\/uploads\/2023\/03\/bigmedia1@2x.png 2x\"  alt=\"\" \/>\n\t\t\t\t\t\t<\/div>\n\t\t\t\t\t\t<\/div>\n\t<\/div>\n<\/section>\n\n\n<section  class=\"py-5 bg-bonet--grey-light-1\">\n\t<div class=\"container\">\n\t\t<div class=\"row text-center py-lg-5\">\n\t\t\t<div class=\"col-xxl-7 col-xl-7 col-lg-7 col-md-8 mx-auto\">\n\t\t\t\t<h3 class=\"mb-4 text-bonet--grey-ultradark\">Comprehensive solutions from trusted professionals<\/h3>\n\t\t\t<\/div>\n\t\t<\/div>\n\t\t<div class=\"row\">\n\t\t\t\t\t\t\t\t<div class=\"col-lg-4 mb-4\">\n\t\t\t\t\t\t<div class=\"bg-bonet--white h-100 p-4 pb-0 d-flex flex-column justify-content-between\">\n\t\t\t\t\t\t\t<div class=\"m-2\">\n\t\t\t\t\t\t\t\t<img decoding=\"async\" class=\"pb-3\" src=\"https:\/\/bonet.systems\/wp-content\/uploads\/2023\/04\/icon-cloud.svg\" alt=\"\" \/>\n\t\t\t\t\t\t\t\t<h4 class=\"display-5 text-bonet--blue-ultradark pb-4\">Cloud<\/h4>\n\t\t\t\t\t\t\t<\/div>\n\t\t\t\t\t\t\t<div class=\"m-2\">\n\t\t\t\t\t\t\t\t<ul class=\"bonet--list\">\n\t\t\t\t\t\t\t\t\t\t\t\t\t\t\t\t\t\t\t\t<li>IaaS<\/li>\n\t\t\t\t\t\t\t\t\t\t\t\t\t\t\t\t\t\t\t\t\t<li>PaaS<\/li>\n\t\t\t\t\t\t\t\t\t\t\t\t\t\t\t\t\t\t<\/ul>\n\t\t\t\t\t\t\t<\/div>\n\t\t\t\t\t\t<\/div>\n\t\t\t\t\t<\/div>\n\t\t\t\t\t\t\t\t\t<div class=\"col-lg-4 mb-4\">\n\t\t\t\t\t\t<div class=\"bg-bonet--white h-100 p-4 pb-0 d-flex flex-column justify-content-between\">\n\t\t\t\t\t\t\t<div class=\"m-2\">\n\t\t\t\t\t\t\t\t<img decoding=\"async\" class=\"pb-3\" src=\"https:\/\/bonet.systems\/wp-content\/uploads\/2023\/04\/icon-managed.svg\" alt=\"\" \/>\n\t\t\t\t\t\t\t\t<h4 class=\"display-5 text-bonet--blue-ultradark pb-4\">Managed services<\/h4>\n\t\t\t\t\t\t\t<\/div>\n\t\t\t\t\t\t\t<div class=\"m-2\">\n\t\t\t\t\t\t\t\t<ul class=\"bonet--list\">\n\t\t\t\t\t\t\t\t\t\t\t\t\t\t\t\t\t\t\t\t<li>Network <\/li>\n\t\t\t\t\t\t\t\t\t\t\t\t\t\t\t\t\t\t\t\t\t<li>Servers <\/li>\n\t\t\t\t\t\t\t\t\t\t\t\t\t\t\t\t\t\t\t\t\t<li>Security<\/li>\n\t\t\t\t\t\t\t\t\t\t\t\t\t\t\t\t\t\t<\/ul>\n\t\t\t\t\t\t\t<\/div>\n\t\t\t\t\t\t<\/div>\n\t\t\t\t\t<\/div>\n\t\t\t\t\t\t\t\t\t<div class=\"col-lg-4 mb-4\">\n\t\t\t\t\t\t<div class=\"bg-bonet--white h-100 p-4 pb-0 d-flex flex-column justify-content-between\">\n\t\t\t\t\t\t\t<div class=\"m-2\">\n\t\t\t\t\t\t\t\t<img decoding=\"async\" class=\"pb-3\" src=\"https:\/\/bonet.systems\/wp-content\/uploads\/2023\/04\/icon-professional.svg\" alt=\"\" \/>\n\t\t\t\t\t\t\t\t<h4 class=\"display-5 text-bonet--blue-ultradark pb-4\">Consulting services<\/h4>\n\t\t\t\t\t\t\t<\/div>\n\t\t\t\t\t\t\t<div class=\"m-2\">\n\t\t\t\t\t\t\t\t<ul class=\"bonet--list\">\n\t\t\t\t\t\t\t\t\t\t\t\t\t\t\t\t\t\t\t\t<li>Architecture<\/li>\n\t\t\t\t\t\t\t\t\t\t\t\t\t\t\t\t\t\t\t\t\t<li>Network design<\/li>\n\t\t\t\t\t\t\t\t\t\t\t\t\t\t\t\t\t\t\t\t\t<li>Systems integration<\/li>\n\t\t\t\t\t\t\t\t\t\t\t\t\t\t\t\t\t\t\t\t\t<li>Implementation and operational support<\/li>\n\t\t\t\t\t\t\t\t\t\t\t\t\t\t\t\t\t\t<\/ul>\n\t\t\t\t\t\t\t<\/div>\n\t\t\t\t\t\t<\/div>\n\t\t\t\t\t<\/div>\n\t\t\t\t\t\t<\/div>\n\t\t<div class=\"row pb-lg-5 pt-lg-2 justify-content-end\">\n\t\t\t<div class=\"col-lg-4\">\n\t\t\t\t<div class=\"bg-bonet--white p-4 d-flex gap-3 align-items-center\">\n\t\t\t\t\t<div class=\"m-2\">\n\t\t\t\t\t\t<img decoding=\"async\" src=\"https:\/\/bonet.systems\/wp-content\/themes\/bonet\/assets\/helpers\/Avatar.svg\" alt=\"\" \/>\n\t\t\t\t\t<\/div>\n\t\t\t\t\t<div class=\"m-2\">\n\t\t\t\t\t\t<p class=\"text-bonet--blue-ultradark m-0\"><strong>Need advice?<\/strong><\/p>\n\t\t\t\t\t\t\t\t\t\t\t\t\t<a href=\"#form\" target=\"_self\">Get in touch<\/a>\n\t\t\t\t\t\t\t\t\t\t\t<\/div>\n\t\t\t\t<\/div>\n\t\t\t<\/div>\n\t\t<\/div>\n\t<\/div>\n<\/section>\n\n\n\n<section  class=\"py-5  quote-dot-slider \" >\n\t<div class=\"container py-lg-5  slider\" >\n\n\t\t\t\t\t\t<div class=\"row data-cat \" data-id=\"Media\">\n\t\t\t\t\t<div class=\"col-12\">\n\t\t\t\t\t\t<div class=\"row align-items-stretch ordered\">\n\t\t\t\t\t\t\t<div class=\"col-lg-6\">\n\t\t\t\t\t\t\t\t<div class=\"position-relative h-100\">\n\t\t\t\t                    \t\t\t\t\t\t\t\t\t    <img decoding=\"async\" class=\"w-100 h-100 mw-100 object-fit-cover\" src=\"https:\/\/i0.wp.com\/bonet.systems\/wp-content\/uploads\/2023\/04\/Photo.jpg?fit=816%2C689&#038;ssl=1\"  srcset=\"https:\/\/bonet.systems\/wp-content\/uploads\/2023\/04\/Photo@2x.png 2x\"  alt=\"\" \/>\n\t\t\t\t                                                        \t\t\t\t\t\t\t\t\t\t<div class=\"position-absolute top-0 end-0 m-2\">\n\t\t\t\t\t\t\t\t\t\t\t<img decoding=\"async\" class=\"w-100 mw-100 rounded-4 shadow bg-bonet--white p-3\" src=\"https:\/\/i0.wp.com\/bonet.systems\/wp-content\/uploads\/2023\/05\/dennikn-1.png?fit=131%2C36&#038;ssl=1\"  srcset=\"https:\/\/bonet.systems\/wp-content\/uploads\/2023\/05\/dennikn@2x-1.png 2x\"  alt=\"\" \/>\n\t\t\t\t\t\t\t\t\t\t<\/div>\n\t\t\t\t\t\t\t\t\t\t\t\t\t\t\t\t\t<\/div>\n\t\t\t\t\t\t\t<\/div>\n\t\t\t\t\t\t\t<div class=\"col-xxl-4 col-xl-5 col-lg-6 offset-xxl-1 mt-lg-0 mt-5\">\n\t\t\t\t                \t\t\t\t\t\t\t\t    <div class=\"d-inline-block bg-bonet--grey-light-2 mb-4 py-1 px-2 text-bonet--blue-ultradark\"><small>Media<\/small><\/div>\n\t\t\t\t                                                <h4 class=\"display-5 text-bonet--grey-ultradark mb-4\">Denn\u00edk N&#8217;s comprehensive infrastructure<\/h4>\n\t\t\t\t\t\t\t\t<p class=\"mb-4\">&#8220;Thanks to Bonet, we were able to launch our first temporary website in a few days in 2014, and today, thanks to Bonet, we are able to handle traffic of up to 750,000 unique readers per day on the same website. We appreciate not only the speed of response to any request and the ability to solve complex technical problems, but also the ethical business approach.&#8221;<\/p>\n\t\t\t\t\t\t\t\t<p class=\"mb-0\"><strong>Tom\u00e1\u0161 Bella<\/strong><\/p>\n\t\t\t\t\t\t\t\t<p class=\"mb-4\"><small>Board member and manager of the Denn\u00edk N website<\/small><\/p>\n\t\t\t\t\t\t\t\t<div class=\"w-25 bg-bonet--grey-dark-1\" style=\"height: 1px; max-width: 102px;\"><\/div>\n                                \t\t\t\t\t\t\t\t\t\t\t\t\t\t\t<\/div>\n\t\t\t\t\t\t<\/div>\n\t\t\t\t\t<\/div>\n\t\t\t\t<\/div>\n\t\t\t\t\t\t\t<div class=\"row data-cat \" data-id=\"Media\">\n\t\t\t\t\t<div class=\"col-12\">\n\t\t\t\t\t\t<div class=\"row align-items-stretch ordered\">\n\t\t\t\t\t\t\t<div class=\"col-lg-6\">\n\t\t\t\t\t\t\t\t<div class=\"position-relative h-100\">\n\t\t\t\t                    \t\t\t\t\t\t\t\t\t    <img decoding=\"async\" class=\"w-100 h-100 mw-100 object-fit-cover\" src=\"https:\/\/i0.wp.com\/bonet.systems\/wp-content\/uploads\/2023\/05\/petit.jpg?fit=1706%2C1207&#038;ssl=1\"   alt=\"\" \/>\n\t\t\t\t                                                        \t\t\t\t\t\t\t\t\t\t<div class=\"position-absolute top-0 end-0 m-2\">\n\t\t\t\t\t\t\t\t\t\t\t<img decoding=\"async\" class=\"w-100 mw-100 rounded-4 shadow bg-bonet--white p-3\" src=\"https:\/\/i0.wp.com\/bonet.systems\/wp-content\/uploads\/2023\/05\/petitpress.png?fit=141%2C40&#038;ssl=1\"   alt=\"\" \/>\n\t\t\t\t\t\t\t\t\t\t<\/div>\n\t\t\t\t\t\t\t\t\t\t\t\t\t\t\t\t\t<\/div>\n\t\t\t\t\t\t\t<\/div>\n\t\t\t\t\t\t\t<div class=\"col-xxl-4 col-xl-5 col-lg-6 offset-xxl-1 mt-lg-0 mt-5\">\n\t\t\t\t                \t\t\t\t\t\t\t\t    <div class=\"d-inline-block bg-bonet--grey-light-2 mb-4 py-1 px-2 text-bonet--blue-ultradark\"><small>Media<\/small><\/div>\n\t\t\t\t                                                <h4 class=\"display-5 text-bonet--grey-ultradark mb-4\">Design and implementation of network solutions for Petit Press<\/h4>\n\t\t\t\t\t\t\t\t<p class=\"mb-4\">&#8220;Bonet is an excellent partner, especially because of their ability to solve not only the standard network requirements, but also the less common ones. Their friendliness and helpfulness only enhance the feeling that we can always rely on Bonet.&#8221;<\/p>\n\t\t\t\t\t\t\t\t<p class=\"mb-0\"><strong>Miroslav Polni\u0161<\/strong><\/p>\n\t\t\t\t\t\t\t\t<p class=\"mb-4\"><small>CIO, Petit Press, a. s.<\/small><\/p>\n\t\t\t\t\t\t\t\t<div class=\"w-25 bg-bonet--grey-dark-1\" style=\"height: 1px; max-width: 102px;\"><\/div>\n                                \t\t\t\t\t\t\t\t\t\t\t\t\t\t\t<\/div>\n\t\t\t\t\t\t<\/div>\n\t\t\t\t\t<\/div>\n\t\t\t\t<\/div>\n\t\t\t\t\t\t\t<div class=\"row data-cat \" data-id=\"Retail\">\n\t\t\t\t\t<div class=\"col-12\">\n\t\t\t\t\t\t<div class=\"row align-items-stretch ordered\">\n\t\t\t\t\t\t\t<div class=\"col-lg-6\">\n\t\t\t\t\t\t\t\t<div class=\"position-relative h-100\">\n\t\t\t\t                    \t\t\t\t\t\t\t\t\t    <img decoding=\"async\" class=\"w-100 h-100 mw-100 object-fit-cover\" src=\"https:\/\/i0.wp.com\/bonet.systems\/wp-content\/uploads\/2023\/05\/dracik-1.jpg?fit=1706%2C1137&#038;ssl=1\"   alt=\"\" \/>\n\t\t\t\t                                                        \t\t\t\t\t\t\t\t\t\t<div class=\"position-absolute top-0 end-0 m-2\">\n\t\t\t\t\t\t\t\t\t\t\t<img decoding=\"async\" class=\"w-100 mw-100 rounded-4 shadow bg-bonet--white p-3\" src=\"https:\/\/i0.wp.com\/bonet.systems\/wp-content\/uploads\/2023\/05\/dracik.png?fit=141%2C33&#038;ssl=1\"   alt=\"\" \/>\n\t\t\t\t\t\t\t\t\t\t<\/div>\n\t\t\t\t\t\t\t\t\t\t\t\t\t\t\t\t\t<\/div>\n\t\t\t\t\t\t\t<\/div>\n\t\t\t\t\t\t\t<div class=\"col-xxl-4 col-xl-5 col-lg-6 offset-xxl-1 mt-lg-0 mt-5\">\n\t\t\t\t                \t\t\t\t\t\t\t\t    <div class=\"d-inline-block bg-bonet--grey-light-2 mb-4 py-1 px-2 text-bonet--blue-ultradark\"><small>Retail<\/small><\/div>\n\t\t\t\t                                                <h4 class=\"display-5 text-bonet--grey-ultradark mb-4\">Managed services for a well-known toy company<\/h4>\n\t\t\t\t\t\t\t\t<p class=\"mb-4\">&#8220;For many years we have relied on solutions developed and maintained by Bonet for our technical background. As it was all those years ago, this is proving to be an excellent decision.&#8221;<\/p>\n\t\t\t\t\t\t\t\t<p class=\"mb-0\"><strong>J\u00e1n I\u0161a<\/strong><\/p>\n\t\t\t\t\t\t\t\t<p class=\"mb-4\"><small>CIO, Tinaco, spol. s.r.o.<\/small><\/p>\n\t\t\t\t\t\t\t\t<div class=\"w-25 bg-bonet--grey-dark-1\" style=\"height: 1px; max-width: 102px;\"><\/div>\n                                \t\t\t\t\t\t\t\t\t\t\t\t\t\t\t<\/div>\n\t\t\t\t\t\t<\/div>\n\t\t\t\t\t<\/div>\n\t\t\t\t<\/div>\n\t\t\t\t\t\t\t<div class=\"row data-cat \" data-id=\"IT\">\n\t\t\t\t\t<div class=\"col-12\">\n\t\t\t\t\t\t<div class=\"row align-items-stretch ordered\">\n\t\t\t\t\t\t\t<div class=\"col-lg-6\">\n\t\t\t\t\t\t\t\t<div class=\"position-relative h-100\">\n\t\t\t\t                    \t\t\t\t\t\t\t\t\t    <img decoding=\"async\" class=\"w-100 h-100 mw-100 object-fit-cover\" src=\"https:\/\/i0.wp.com\/bonet.systems\/wp-content\/uploads\/2023\/05\/esoul-1.jpg?fit=1706%2C960&#038;ssl=1\"   alt=\"\" \/>\n\t\t\t\t                                                        \t\t\t\t\t\t\t\t\t\t<div class=\"position-absolute top-0 end-0 m-2\">\n\t\t\t\t\t\t\t\t\t\t\t<img decoding=\"async\" class=\"w-100 mw-100 rounded-4 shadow bg-bonet--white p-3\" src=\"https:\/\/i0.wp.com\/bonet.systems\/wp-content\/uploads\/2023\/05\/esoul.png?fit=116%2C34&#038;ssl=1\"   alt=\"\" \/>\n\t\t\t\t\t\t\t\t\t\t<\/div>\n\t\t\t\t\t\t\t\t\t\t\t\t\t\t\t\t\t<\/div>\n\t\t\t\t\t\t\t<\/div>\n\t\t\t\t\t\t\t<div class=\"col-xxl-4 col-xl-5 col-lg-6 offset-xxl-1 mt-lg-0 mt-5\">\n\t\t\t\t                \t\t\t\t\t\t\t\t    <div class=\"d-inline-block bg-bonet--grey-light-2 mb-4 py-1 px-2 text-bonet--blue-ultradark\"><small>IT<\/small><\/div>\n\t\t\t\t                                                <h4 class=\"display-5 text-bonet--grey-ultradark mb-4\">Web infrastructure for eSoul systems<\/h4>\n\t\t\t\t\t\t\t\t<p class=\"mb-4\">&#8220;We are a small software company and have never had a dedicated person to look after the server. This was often the reason why our services were not available. Bonet completely designed and took care of the entire infrastructure for us, allowing us to focus on our products. Communication is proactive and fast, we are satisfied.&#8221; <\/p>\n\t\t\t\t\t\t\t\t<p class=\"mb-0\"><strong>Mat\u00fa\u0161 Mirossay Demeter<\/strong><\/p>\n\t\t\t\t\t\t\t\t<p class=\"mb-4\"><small>CTO &#038;\u00a0Senior Data Analyst, eSoul s. r. o.<\/small><\/p>\n\t\t\t\t\t\t\t\t<div class=\"w-25 bg-bonet--grey-dark-1\" style=\"height: 1px; max-width: 102px;\"><\/div>\n                                \t\t\t\t\t\t\t\t\t\t\t\t\t\t\t<\/div>\n\t\t\t\t\t\t<\/div>\n\t\t\t\t\t<\/div>\n\t\t\t\t<\/div>\n\t\t\t\t<\/div>\n\t\t\t<div class=\"container pb-lg-5\">\n\t\t\t<div class=\"row mt-5\">\n\t\t\t\t<div class=\"col text-center\">\n\t\t\t\t\t<a href=\"http:\/\/bonet.systems\/referencie\/\" class=\"btn btn-lg btn-light\" target=\"_self\" role=\"button\">All references<\/a>\n\t\t\t\t<\/div>\n\t\t\t<\/div>\n\t\t<\/div>\n\t<\/section>\n\n\n\n<section  class=\"py-5\">\n\t<div class=\"container\">\n\t\t<div class=\"row\">\n\t\t\t<div class=\"col-12\">\n\t\t\t\t<p class=\"lead mb-4 text-bonet--grey-ultradark\">We are proud partners<\/p>\n\t\t\t<\/div>\n\t\t<\/div>\n\t\t<div class=\"row\">\n\t\t\t\t\t\t\t\t<div class=\"col-md-4 mb-3\">\n\t\t\t\t\t\t<div class=\"p-4 h-100 bg-bonet--grey-light-2 d-flex justify-content-center align-items-center\" style=\"min-height: 200px;\">\n\t\t\t\t\t\t\t<img decoding=\"async\" src=\"https:\/\/i0.wp.com\/bonet.systems\/wp-content\/uploads\/2023\/03\/cisco1.png?fit=93%2C51&#038;ssl=1\"  srcset=\"https:\/\/bonet.systems\/wp-content\/uploads\/2023\/03\/cisco1@2x.png 2x\"  alt=\"\" \/>\n\t\t\t\t\t\t<\/div>\n\t\t\t\t\t<\/div>\n\t\t\t\t\t\t\t\t\t<div class=\"col-md-4 mb-3\">\n\t\t\t\t\t\t<div class=\"p-4 h-100 bg-bonet--grey-light-2 d-flex justify-content-center align-items-center\" style=\"min-height: 200px;\">\n\t\t\t\t\t\t\t<img decoding=\"async\" src=\"https:\/\/i0.wp.com\/bonet.systems\/wp-content\/uploads\/2023\/03\/paloalto.png?fit=126%2C43&#038;ssl=1\"  srcset=\"https:\/\/bonet.systems\/wp-content\/uploads\/2023\/03\/paloalto@2x.png 2x\"  alt=\"\" \/>\n\t\t\t\t\t\t<\/div>\n\t\t\t\t\t<\/div>\n\t\t\t\t\t\t\t\t\t<div class=\"col-md-4 mb-3\">\n\t\t\t\t\t\t<div class=\"p-4 h-100 bg-bonet--grey-light-2 d-flex justify-content-center align-items-center\" style=\"min-height: 200px;\">\n\t\t\t\t\t\t\t<img decoding=\"async\" src=\"https:\/\/i0.wp.com\/bonet.systems\/wp-content\/uploads\/2023\/03\/fortinet.png?fit=176%2C23&#038;ssl=1\"  srcset=\"https:\/\/bonet.systems\/wp-content\/uploads\/2023\/03\/fortinet@2x.png 2x\"  alt=\"\" \/>\n\t\t\t\t\t\t<\/div>\n\t\t\t\t\t<\/div>\n\t\t\t\t\t\t<\/div>\n\t<\/div>\n<\/section>\n","protected":false},"excerpt":{"rendered":"","protected":false},"author":2,"featured_media":0,"parent":0,"menu_order":0,"comment_status":"closed","ping_status":"closed","template":"","meta":{"_acf_changed":false,"inline_featured_image":false,"footnotes":""},"class_list":["post-1106","page","type-page","status-publish","hentry"],"acf":[],"jetpack_sharing_enabled":true,"_links":{"self":[{"href":"https:\/\/bonet.systems\/en\/wp-json\/wp\/v2\/pages\/1106","targetHints":{"allow":["GET"]}}],"collection":[{"href":"https:\/\/bonet.systems\/en\/wp-json\/wp\/v2\/pages"}],"about":[{"href":"https:\/\/bonet.systems\/en\/wp-json\/wp\/v2\/types\/page"}],"author":[{"embeddable":true,"href":"https:\/\/bonet.systems\/en\/wp-json\/wp\/v2\/users\/2"}],"replies":[{"embeddable":true,"href":"https:\/\/bonet.systems\/en\/wp-json\/wp\/v2\/comments?post=1106"}],"version-history":[{"count":15,"href":"https:\/\/bonet.systems\/en\/wp-json\/wp\/v2\/pages\/1106\/revisions"}],"predecessor-version":[{"id":1253,"href":"https:\/\/bonet.systems\/en\/wp-json\/wp\/v2\/pages\/1106\/revisions\/1253"}],"wp:attachment":[{"href":"https:\/\/bonet.systems\/en\/wp-json\/wp\/v2\/media?parent=1106"}],"curies":[{"name":"wp","href":"https:\/\/api.w.org\/{rel}","templated":true}]}}