{"id":1234,"date":"2023-10-12T11:58:07","date_gmt":"2023-10-12T09:58:07","guid":{"rendered":"https:\/\/bonet.systems\/?page_id=1234"},"modified":"2023-10-12T12:00:22","modified_gmt":"2023-10-12T10:00:22","slug":"cloud","status":"publish","type":"page","link":"https:\/\/bonet.systems\/en\/cloud\/","title":{"rendered":"Cloud"},"content":{"rendered":"<section  class=\"position-relative animation py-lg-5\"  style=\"background: #2d2e3d\">\n\t        <div class=\"animation position-absolute top-0 end-0 h-100 w-100 d-none d-lg-block text-end overflow-hidden\" data-path=\"https:\/\/bonet.systems\/wp-content\/uploads\/2023\/05\/Cloud_Fill_v03-1.json\"><\/div>\n        <div class=\"container position-relative py-5\">\n\t\t<div class=\"row py-5\">\n\t\t\t<div class=\"col-xl-5 col-lg-6 pt-5\">\n\t\t\t\t<h1 class=\"display-3 text-bonet--white mb-5\">Cloud<\/h1>\n\t\t\t\t<p class=\"lead text-bonet--white mb-5\">Computing capacity on our own infrastructure in multiple locations.<\/p>\n\t\t\t\t<div class=\"d-flex flex-column flex-sm-row gap-4 mb-5\">\n\t\t\t\t\t\t\t\t\t\t\t\t<a href=\"#learn-more\" class=\"btn btn-lg btn-bonet--primary\" data-select=\"\" target=\"_self\" role=\"button\">Learn more<\/a>\n\t\t\t\t\t\t\t\t\t\t\t\t\t\t<\/div>\n\t\t\t\t\t\t\t<\/div>\n\t\t<\/div>\n\t<\/div>\n<\/section>\n\n\n<section  id=\"learn-more\"  class=\"py-5 text-center\" >\n\t<div class=\"container\">\n\t\t<div class=\"row py-lg-5\">\n\t\t\t<div class=\"col-lg-7 col-md-8 mx-auto\">\n\t\t\t\t<h4 >\r\nOur services are based on personal contact with the customer. To avoid misunderstandings, your developers and technicians communicate directly with our engineers. Simple is better.\r\n<\/h4>\n\t\t\t<\/div>\n\t\t<\/div>\n\t<\/div>\n<\/section>\n\n\n\n<section  class=\"py-5\">\n\t<div class=\"container\">\n\t\t<div class=\"row\">\n\t\t\t<div class=\"col-12\">\n\t\t\t\t<p class=\"lead mb-4 text-bonet--grey-ultradark\">Our techstack:<\/p>\n\t\t\t<\/div>\n\t\t<\/div>\n\t\t<div class=\"row\">\n\t\t\t\t\t\t\t\t<div class=\"col-md-4 mb-3\">\n\t\t\t\t\t\t<div class=\"p-4 h-100 bg-bonet--grey-light-2 d-flex justify-content-center align-items-center\" style=\"min-height: 200px;\">\n\t\t\t\t\t\t\t<img decoding=\"async\" src=\"https:\/\/i0.wp.com\/bonet.systems\/wp-content\/uploads\/2023\/05\/openstack.png?fit=183%2C88&#038;ssl=1\"  srcset=\"https:\/\/bonet.systems\/wp-content\/uploads\/2023\/05\/openstack@2x.png 2x\"  alt=\"\" \/>\n\t\t\t\t\t\t<\/div>\n\t\t\t\t\t<\/div>\n\t\t\t\t\t\t\t\t\t<div class=\"col-md-4 mb-3\">\n\t\t\t\t\t\t<div class=\"p-4 h-100 bg-bonet--grey-light-2 d-flex justify-content-center align-items-center\" style=\"min-height: 200px;\">\n\t\t\t\t\t\t\t<img decoding=\"async\" src=\"https:\/\/i0.wp.com\/bonet.systems\/wp-content\/uploads\/2023\/05\/docker.png?fit=129%2C108&#038;ssl=1\"  srcset=\"https:\/\/bonet.systems\/wp-content\/uploads\/2023\/05\/docker@2x-1.png 2x\"  alt=\"\" \/>\n\t\t\t\t\t\t<\/div>\n\t\t\t\t\t<\/div>\n\t\t\t\t\t\t\t\t\t<div class=\"col-md-4 mb-3\">\n\t\t\t\t\t\t<div class=\"p-4 h-100 bg-bonet--grey-light-2 d-flex justify-content-center align-items-center\" style=\"min-height: 200px;\">\n\t\t\t\t\t\t\t<img decoding=\"async\" src=\"https:\/\/i0.wp.com\/bonet.systems\/wp-content\/uploads\/2023\/05\/kubernetes.png?fit=175%2C89&#038;ssl=1\"  srcset=\"https:\/\/bonet.systems\/wp-content\/uploads\/2023\/05\/kubernetes@2x.png 2x\"  alt=\"\" \/>\n\t\t\t\t\t\t<\/div>\n\t\t\t\t\t<\/div>\n\t\t\t\t\t\t\t\t\t<div class=\"col-md-4 mb-3\">\n\t\t\t\t\t\t<div class=\"p-4 h-100 bg-bonet--grey-light-2 d-flex justify-content-center align-items-center\" style=\"min-height: 200px;\">\n\t\t\t\t\t\t\t<img decoding=\"async\" src=\"https:\/\/i0.wp.com\/bonet.systems\/wp-content\/uploads\/2023\/05\/varnish.png?fit=130%2C101&#038;ssl=1\"  srcset=\"https:\/\/bonet.systems\/wp-content\/uploads\/2023\/05\/varnish@2x.png 2x\"  alt=\"\" \/>\n\t\t\t\t\t\t<\/div>\n\t\t\t\t\t<\/div>\n\t\t\t\t\t\t\t\t\t<div class=\"col-md-4 mb-3\">\n\t\t\t\t\t\t<div class=\"p-4 h-100 bg-bonet--grey-light-2 d-flex justify-content-center align-items-center\" style=\"min-height: 200px;\">\n\t\t\t\t\t\t\t<img decoding=\"async\" src=\"https:\/\/i0.wp.com\/bonet.systems\/wp-content\/uploads\/2023\/05\/haproxy.png?fit=126%2C114&#038;ssl=1\"  srcset=\"https:\/\/bonet.systems\/wp-content\/uploads\/2023\/05\/haproxy@2x.png 2x\"  alt=\"\" \/>\n\t\t\t\t\t\t<\/div>\n\t\t\t\t\t<\/div>\n\t\t\t\t\t\t\t\t\t<div class=\"col-md-4 mb-3\">\n\t\t\t\t\t\t<div class=\"p-4 h-100 bg-bonet--grey-light-2 d-flex justify-content-center align-items-center\" style=\"min-height: 200px;\">\n\t\t\t\t\t\t\t<img decoding=\"async\" src=\"https:\/\/i0.wp.com\/bonet.systems\/wp-content\/uploads\/2023\/05\/nginx.png?fit=144%2C30&#038;ssl=1\"  srcset=\"https:\/\/bonet.systems\/wp-content\/uploads\/2023\/05\/nginx@2x.png 2x\"  alt=\"\" \/>\n\t\t\t\t\t\t<\/div>\n\t\t\t\t\t<\/div>\n\t\t\t\t\t\t<\/div>\n\t<\/div>\n<\/section>\n\n\n\n<section  class=\"py-5 quote-slider\" >\n\t<div class=\"container py-lg-5 slider\">\n\t\t\t\t\t\t\t\t\t\t<div class=\"row \">\n\t\t\t\t\t\t<div class=\"col-xl-8 mx-auto\">\n\t\t\t\t\t\t\t<div class=\"row align-items-center justify-content-between\">\n\t\t\t\t\t\t\t\t<div class=\"col-12 text-center\">\n\t\t\t\t\t\t\t\t\t<p class=\"lead mb-4\">&#8220;We are a small software company and have never had a dedicated person to look after the server. This was often the reason why our services were not available. Bonet completely designed and took care of the entire infrastructure for us, allowing us to focus on our products. Communication is proactive and fast, we are satisfied.&#8221;<\/p>\n\t\t\t\t\t\t\t\t\t<div class=\"w-25 mx-auto bg-bonet--grey-dark-1\" style=\"height: 1px; max-width: 102px;\"><\/div>\n\t\t\t\t\t\t\t\t\t<h4 class=\"display-5 text-bonet--grey-ultradark mt-4 mb-1\">Mat\u00fa\u0161 Mirossay Demeter<\/h4>\n\t\t\t\t\t\t\t\t\t<h6>CTO &#038; Senior Data Analyst, eSoul Systems<\/h6>\n\t\t\t\t\t\t\t\t<\/div>\n\n\t\t\t\t\t\t\t<\/div>\n\t\t\t\t\t\t<\/div>\n\t\t\t\t\t<\/div>\n\t\t\t\t\t\t\t\t\t<div class=\"row \">\n\t\t\t\t\t\t<div class=\"col-xl-8 mx-auto\">\n\t\t\t\t\t\t\t<div class=\"row align-items-center justify-content-between\">\n\t\t\t\t\t\t\t\t<div class=\"col-12 text-center\">\n\t\t\t\t\t\t\t\t\t<p class=\"lead mb-4\">&#8220;BONET provides us with a virtual server service with administration and backup for our e-shop. We are very happy with it, since we switched to this service, our website has experienced virtually no downtime in availability and works very fast.&#8221;<\/p>\n\t\t\t\t\t\t\t\t\t<div class=\"w-25 mx-auto bg-bonet--grey-dark-1\" style=\"height: 1px; max-width: 102px;\"><\/div>\n\t\t\t\t\t\t\t\t\t<h4 class=\"display-5 text-bonet--grey-ultradark mt-4 mb-1\">\u013dubo\u0161 Bedn\u00e1r<\/h4>\n\t\t\t\t\t\t\t\t\t<h6>Director, Frutia, s.r.o.<\/h6>\n\t\t\t\t\t\t\t\t<\/div>\n\n\t\t\t\t\t\t\t<\/div>\n\t\t\t\t\t\t<\/div>\n\t\t\t\t\t<\/div>\n\t\t\t\t\t\t\t\t\t<div class=\"row \">\n\t\t\t\t\t\t<div class=\"col-xl-8 mx-auto\">\n\t\t\t\t\t\t\t<div class=\"row align-items-center justify-content-between\">\n\t\t\t\t\t\t\t\t<div class=\"col-12 text-center\">\n\t\t\t\t\t\t\t\t\t<p class=\"lead mb-4\">&#8220;Bonet&#8217;s approach combines not only high technical expertise, speed and flexibility, but above all a willingness to proactively go further, move forward and help in crisis situations.&#8221;<br \/>\r\n<br \/>\r\n<\/p>\n\t\t\t\t\t\t\t\t\t<div class=\"w-25 mx-auto bg-bonet--grey-dark-1\" style=\"height: 1px; max-width: 102px;\"><\/div>\n\t\t\t\t\t\t\t\t\t<h4 class=\"display-5 text-bonet--grey-ultradark mt-4 mb-1\">Vladim\u00edr Drozd<\/h4>\n\t\t\t\t\t\t\t\t\t<h6>CTO, eFabrica a.s. <\/h6>\n\t\t\t\t\t\t\t\t<\/div>\n\n\t\t\t\t\t\t\t<\/div>\n\t\t\t\t\t\t<\/div>\n\t\t\t\t\t<\/div>\n\t\t\t\t\t\t\t\t\t<div class=\"row \">\n\t\t\t\t\t\t<div class=\"col-xl-8 mx-auto\">\n\t\t\t\t\t\t\t<div class=\"row align-items-center justify-content-between\">\n\t\t\t\t\t\t\t\t<div class=\"col-12 text-center\">\n\t\t\t\t\t\t\t\t\t<p class=\"lead mb-4\">&#8220;Bonet is an excellent partner, especially because of their ability to solve not only the standard network requirements, but also the less common ones. Their friendliness and helpfulness only enhance the feeling that we can always rely on Bonet&#8221;.<\/p>\n\t\t\t\t\t\t\t\t\t<div class=\"w-25 mx-auto bg-bonet--grey-dark-1\" style=\"height: 1px; max-width: 102px;\"><\/div>\n\t\t\t\t\t\t\t\t\t<h4 class=\"display-5 text-bonet--grey-ultradark mt-4 mb-1\">Miroslav Polni\u0161<\/h4>\n\t\t\t\t\t\t\t\t\t<h6>CIO, Petit Press, a.s.<\/h6>\n\t\t\t\t\t\t\t\t<\/div>\n\n\t\t\t\t\t\t\t<\/div>\n\t\t\t\t\t\t<\/div>\n\t\t\t\t\t<\/div>\n\t\t\t\t\t\t\t<\/div>\n<\/section>\n\n\n\n\n<section  class=\"py-5\">\n\t<div class=\"container\">\n\t\t<div class=\"row\">\n\t\t\t<div class=\"col-12\">\n\t\t\t\t<p class=\"lead mb-4 text-bonet--grey-ultradark\">We are proud partners of<\/p>\n\t\t\t<\/div>\n\t\t<\/div>\n\t\t<div class=\"row\">\n\t\t\t\t\t\t\t\t<div class=\"col-md-4 mb-3\">\n\t\t\t\t\t\t<div class=\"p-4 h-100 bg-bonet--grey-light-2 d-flex justify-content-center align-items-center\" style=\"min-height: 200px;\">\n\t\t\t\t\t\t\t<img decoding=\"async\" src=\"https:\/\/i0.wp.com\/bonet.systems\/wp-content\/uploads\/2023\/03\/cisco1.png?fit=93%2C51&#038;ssl=1\"  srcset=\"https:\/\/bonet.systems\/wp-content\/uploads\/2023\/03\/cisco1@2x.png 2x\"  alt=\"\" \/>\n\t\t\t\t\t\t<\/div>\n\t\t\t\t\t<\/div>\n\t\t\t\t\t\t\t\t\t<div class=\"col-md-4 mb-3\">\n\t\t\t\t\t\t<div class=\"p-4 h-100 bg-bonet--grey-light-2 d-flex justify-content-center align-items-center\" style=\"min-height: 200px;\">\n\t\t\t\t\t\t\t<img decoding=\"async\" src=\"https:\/\/i0.wp.com\/bonet.systems\/wp-content\/uploads\/2023\/03\/paloalto.png?fit=126%2C43&#038;ssl=1\"  srcset=\"https:\/\/bonet.systems\/wp-content\/uploads\/2023\/03\/paloalto@2x.png 2x\"  alt=\"\" \/>\n\t\t\t\t\t\t<\/div>\n\t\t\t\t\t<\/div>\n\t\t\t\t\t\t\t\t\t<div class=\"col-md-4 mb-3\">\n\t\t\t\t\t\t<div class=\"p-4 h-100 bg-bonet--grey-light-2 d-flex justify-content-center align-items-center\" style=\"min-height: 200px;\">\n\t\t\t\t\t\t\t<img decoding=\"async\" src=\"https:\/\/i0.wp.com\/bonet.systems\/wp-content\/uploads\/2023\/03\/fortinet.png?fit=176%2C23&#038;ssl=1\"  srcset=\"https:\/\/bonet.systems\/wp-content\/uploads\/2023\/03\/fortinet@2x.png 2x\"  alt=\"\" \/>\n\t\t\t\t\t\t<\/div>\n\t\t\t\t\t<\/div>\n\t\t\t\t\t\t<\/div>\n\t<\/div>\n<\/section>\n","protected":false},"excerpt":{"rendered":"","protected":false},"author":4,"featured_media":0,"parent":0,"menu_order":0,"comment_status":"closed","ping_status":"closed","template":"","meta":{"_acf_changed":false,"inline_featured_image":false,"footnotes":""},"class_list":["post-1234","page","type-page","status-publish","hentry"],"acf":[],"jetpack_sharing_enabled":true,"_links":{"self":[{"href":"https:\/\/bonet.systems\/en\/wp-json\/wp\/v2\/pages\/1234","targetHints":{"allow":["GET"]}}],"collection":[{"href":"https:\/\/bonet.systems\/en\/wp-json\/wp\/v2\/pages"}],"about":[{"href":"https:\/\/bonet.systems\/en\/wp-json\/wp\/v2\/types\/page"}],"author":[{"embeddable":true,"href":"https:\/\/bonet.systems\/en\/wp-json\/wp\/v2\/users\/4"}],"replies":[{"embeddable":true,"href":"https:\/\/bonet.systems\/en\/wp-json\/wp\/v2\/comments?post=1234"}],"version-history":[{"count":4,"href":"https:\/\/bonet.systems\/en\/wp-json\/wp\/v2\/pages\/1234\/revisions"}],"predecessor-version":[{"id":1239,"href":"https:\/\/bonet.systems\/en\/wp-json\/wp\/v2\/pages\/1234\/revisions\/1239"}],"wp:attachment":[{"href":"https:\/\/bonet.systems\/en\/wp-json\/wp\/v2\/media?parent=1234"}],"curies":[{"name":"wp","href":"https:\/\/api.w.org\/{rel}","templated":true}]}}