{"id":1240,"date":"2023-10-12T12:09:51","date_gmt":"2023-10-12T10:09:51","guid":{"rendered":"https:\/\/bonet.systems\/?page_id=1240"},"modified":"2023-10-12T12:09:52","modified_gmt":"2023-10-12T10:09:52","slug":"managed-services","status":"publish","type":"page","link":"https:\/\/bonet.systems\/en\/managed-services\/","title":{"rendered":"Managed services"},"content":{"rendered":"<section  class=\"position-relative animation py-lg-5\"  style=\"background: #2d2e3d\">\n\t        <div class=\"animation position-absolute top-0 end-0 h-100 w-100 d-none d-lg-block text-end overflow-hidden\" data-path=\"https:\/\/bonet.systems\/wp-content\/uploads\/2023\/05\/20231805_Bonet_Web_Animation_Menezove-sluzby_fill.json\"><\/div>\n        <div class=\"container position-relative py-5\">\n\t\t<div class=\"row py-5\">\n\t\t\t<div class=\"col-xl-5 col-lg-6 pt-5\">\n\t\t\t\t<h1 class=\"display-3 text-bonet--white mb-5\">Managed services<\/h1>\n\t\t\t\t<p class=\"lead text-bonet--white mb-5\">Your systems, our responsibility.<\/p>\n\t\t\t\t<div class=\"d-flex flex-column flex-sm-row gap-4 mb-5\">\n\t\t\t\t\t\t\t\t\t\t\t\t<a href=\"#about-us\" class=\"btn btn-lg btn-bonet--primary\" data-select=\"\" target=\"_self\" role=\"button\">Learn more<\/a>\n\t\t\t\t\t\t\t\t\t\t\t\t\t\t<\/div>\n\t\t\t\t\t\t\t<\/div>\n\t\t<\/div>\n\t<\/div>\n<\/section>\n\n\n<section  id=\"about-us\"  class=\"py-5 text-center\" >\n\t<div class=\"container\">\n\t\t<div class=\"row py-lg-5\">\n\t\t\t<div class=\"col-lg-7 col-md-8 mx-auto\">\n\t\t\t\t<h4 >We handle the monitoring and operation of your systems and applications. On-premise, public, private or in our cloud.<\/h4>\n\t\t\t<\/div>\n\t\t<\/div>\n\t<\/div>\n<\/section>\n\n\n\n\t<section  class=\"py-5\">\n\t\t<div class=\"container\">\n\t\t\t<div class=\"row\">\n\t\t\t\t<div class=\"col-12\">\n\t\t\t\t\t<p class=\"lead mb-4 text-bonet--grey-ultradark\">V t\u00fdchto oblastiach sa na n\u00e1s m\u00f4\u017eete spo\u013eahn\u00fa\u0165:<\/p>\n\t\t\t\t<\/div>\n\t\t\t<\/div>\n\t\t\t<div class=\"row\">\n\t\t\t\t\t\t\t\t\t\t<div class=\"col-lg-3 col-md-6 mb-3\">\n\t\t\t\t\t\t\t<div class=\"p-4 h-100 bg-bonet--grey-light-2 d-flex justify-content-center align-items-center\" style=\"min-height: 200px;\">\n\t\t\t\t\t\t\t\t<div class=\"text-center\">\n\t\t\t\t\t\t\t\t\t<img decoding=\"async\" src=\"https:\/\/bonet.systems\/wp-content\/themes\/bonet\/assets\/helpers\/Icon_box.svg\" alt=\"\" \/>\n\t\t\t\t\t\t\t\t\t<div class=\"mt-2\">\n\t\t\t\t\t\t\t\t\t\t<small class=\"text-bonet--grey-dark-2\">Security<\/small>\n\t\t\t\t\t\t\t\t\t<\/div>\n\t\t\t\t\t\t\t\t<\/div>\n\t\t\t\t\t\t\t<\/div>\n\t\t\t\t\t\t<\/div>\n\t\t\t\t\t\t\t\t\t\t\t<div class=\"col-lg-3 col-md-6 mb-3\">\n\t\t\t\t\t\t\t<div class=\"p-4 h-100 bg-bonet--grey-light-2 d-flex justify-content-center align-items-center\" style=\"min-height: 200px;\">\n\t\t\t\t\t\t\t\t<div class=\"text-center\">\n\t\t\t\t\t\t\t\t\t<img decoding=\"async\" src=\"https:\/\/bonet.systems\/wp-content\/themes\/bonet\/assets\/helpers\/Icon_box.svg\" alt=\"\" \/>\n\t\t\t\t\t\t\t\t\t<div class=\"mt-2\">\n\t\t\t\t\t\t\t\t\t\t<small class=\"text-bonet--grey-dark-2\">Networking<\/small>\n\t\t\t\t\t\t\t\t\t<\/div>\n\t\t\t\t\t\t\t\t<\/div>\n\t\t\t\t\t\t\t<\/div>\n\t\t\t\t\t\t<\/div>\n\t\t\t\t\t\t\t\t\t\t\t<div class=\"col-lg-3 col-md-6 mb-3\">\n\t\t\t\t\t\t\t<div class=\"p-4 h-100 bg-bonet--grey-light-2 d-flex justify-content-center align-items-center\" style=\"min-height: 200px;\">\n\t\t\t\t\t\t\t\t<div class=\"text-center\">\n\t\t\t\t\t\t\t\t\t<img decoding=\"async\" src=\"https:\/\/bonet.systems\/wp-content\/themes\/bonet\/assets\/helpers\/Icon_box.svg\" alt=\"\" \/>\n\t\t\t\t\t\t\t\t\t<div class=\"mt-2\">\n\t\t\t\t\t\t\t\t\t\t<small class=\"text-bonet--grey-dark-2\">Storage<\/small>\n\t\t\t\t\t\t\t\t\t<\/div>\n\t\t\t\t\t\t\t\t<\/div>\n\t\t\t\t\t\t\t<\/div>\n\t\t\t\t\t\t<\/div>\n\t\t\t\t\t\t\t\t\t\t\t<div class=\"col-lg-3 col-md-6 mb-3\">\n\t\t\t\t\t\t\t<div class=\"p-4 h-100 bg-bonet--grey-light-2 d-flex justify-content-center align-items-center\" style=\"min-height: 200px;\">\n\t\t\t\t\t\t\t\t<div class=\"text-center\">\n\t\t\t\t\t\t\t\t\t<img decoding=\"async\" src=\"https:\/\/bonet.systems\/wp-content\/themes\/bonet\/assets\/helpers\/Icon_box.svg\" alt=\"\" \/>\n\t\t\t\t\t\t\t\t\t<div class=\"mt-2\">\n\t\t\t\t\t\t\t\t\t\t<small class=\"text-bonet--grey-dark-2\">VMware<\/small>\n\t\t\t\t\t\t\t\t\t<\/div>\n\t\t\t\t\t\t\t\t<\/div>\n\t\t\t\t\t\t\t<\/div>\n\t\t\t\t\t\t<\/div>\n\t\t\t\t\t\t\t\t<\/div>\n\t\t<\/div>\n\t<\/section>\n\n\n\n<section  class=\"py-5\">\n\t<div class=\"container\">\n\t\t<div class=\"row\">\n\t\t\t<div class=\"col-12\">\n\t\t\t\t<p class=\"lead mb-4 text-bonet--grey-ultradark\">Opera\u010dn\u00e9 syst\u00e9my, s ktor\u00fdmi pracujeme:<\/p>\n\t\t\t<\/div>\n\t\t<\/div>\n\t\t<div class=\"row\">\n\t\t\t\t\t\t\t\t<div class=\"col-lg-3 col-md-6 mb-3\">\n\t\t\t\t\t\t<div class=\"p-4 h-100 bg-bonet--grey-light-2 d-flex justify-content-center align-items-center\" style=\"min-height: 200px;\">\n\t\t\t\t\t\t\t<img decoding=\"async\" src=\"https:\/\/i0.wp.com\/bonet.systems\/wp-content\/uploads\/2023\/05\/linux.png?fit=71%2C86&#038;ssl=1\"  srcset=\"https:\/\/bonet.systems\/wp-content\/uploads\/2023\/05\/linux@2x.png 2x\"  alt=\"\" \/>\n\t\t\t\t\t\t<\/div>\n\t\t\t\t\t<\/div>\n\t\t\t\t\t\t\t\t\t<div class=\"col-lg-3 col-md-6 mb-3\">\n\t\t\t\t\t\t<div class=\"p-4 h-100 bg-bonet--grey-light-2 d-flex justify-content-center align-items-center\" style=\"min-height: 200px;\">\n\t\t\t\t\t\t\t<img decoding=\"async\" src=\"https:\/\/i0.wp.com\/bonet.systems\/wp-content\/uploads\/2023\/05\/oracle-solaris.png?fit=151%2C44&#038;ssl=1\"  srcset=\"https:\/\/bonet.systems\/wp-content\/uploads\/2023\/05\/oracle-solaris@2x.png 2x\"  alt=\"\" \/>\n\t\t\t\t\t\t<\/div>\n\t\t\t\t\t<\/div>\n\t\t\t\t\t\t\t\t\t<div class=\"col-lg-3 col-md-6 mb-3\">\n\t\t\t\t\t\t<div class=\"p-4 h-100 bg-bonet--grey-light-2 d-flex justify-content-center align-items-center\" style=\"min-height: 200px;\">\n\t\t\t\t\t\t\t<img decoding=\"async\" src=\"https:\/\/i0.wp.com\/bonet.systems\/wp-content\/uploads\/2023\/05\/windows-1.png?fit=79%2C78&#038;ssl=1\"  srcset=\"https:\/\/bonet.systems\/wp-content\/uploads\/2023\/05\/windows@2x.png 2x\"  alt=\"\" \/>\n\t\t\t\t\t\t<\/div>\n\t\t\t\t\t<\/div>\n\t\t\t\t\t\t\t\t\t<div class=\"col-lg-3 col-md-6 mb-3\">\n\t\t\t\t\t\t<div class=\"p-4 h-100 bg-bonet--grey-light-2 d-flex justify-content-center align-items-center\" style=\"min-height: 200px;\">\n\t\t\t\t\t\t\t<img decoding=\"async\" src=\"https:\/\/i0.wp.com\/bonet.systems\/wp-content\/uploads\/2023\/05\/freebsd.png?fit=74%2C72&#038;ssl=1\"  srcset=\"https:\/\/bonet.systems\/wp-content\/uploads\/2023\/05\/freebsd@2x.png 2x\"  alt=\"\" \/>\n\t\t\t\t\t\t<\/div>\n\t\t\t\t\t<\/div>\n\t\t\t\t\t\t<\/div>\n\t<\/div>\n<\/section>\n\n\n\n<section  class=\"py-5 quote-slider\" >\n\t<div class=\"container py-lg-5 slider\">\n\t\t\t\t\t\t\t\t\t\t<div class=\"row \">\n\t\t\t\t\t\t<div class=\"col-xl-8 mx-auto\">\n\t\t\t\t\t\t\t<div class=\"row align-items-center justify-content-between\">\n\t\t\t\t\t\t\t\t<div class=\"col-12 text-center\">\n\t\t\t\t\t\t\t\t\t<p class=\"lead mb-4\">&#8220;We have been working together for several years. We can&#8217;t imagine our daily work without Bonet&#8217;s help.&#8221;<\/p>\n\t\t\t\t\t\t\t\t\t<div class=\"w-25 mx-auto bg-bonet--grey-dark-1\" style=\"height: 1px; max-width: 102px;\"><\/div>\n\t\t\t\t\t\t\t\t\t<h4 class=\"display-5 text-bonet--grey-ultradark mt-4 mb-1\">Marek Vagai<\/h4>\n\t\t\t\t\t\t\t\t\t<h6>CTO&#038; Senior Data Analyst, eSoul Systems<\/h6>\n\t\t\t\t\t\t\t\t<\/div>\n\n\t\t\t\t\t\t\t<\/div>\n\t\t\t\t\t\t<\/div>\n\t\t\t\t\t<\/div>\n\t\t\t\t\t\t\t\t\t<div class=\"row \">\n\t\t\t\t\t\t<div class=\"col-xl-8 mx-auto\">\n\t\t\t\t\t\t\t<div class=\"row align-items-center justify-content-between\">\n\t\t\t\t\t\t\t\t<div class=\"col-12 text-center\">\n\t\t\t\t\t\t\t\t\t<p class=\"lead mb-4\">&#8220;We are a small software company and have never had a dedicated person to look after the server. This was often the reason why our services were not available. Bonet completely designed and took care of the entire infrastructure for us, allowing us to focus on our products. Communication is proactive and fast, we are satisfied.&#8221;<\/p>\n\t\t\t\t\t\t\t\t\t<div class=\"w-25 mx-auto bg-bonet--grey-dark-1\" style=\"height: 1px; max-width: 102px;\"><\/div>\n\t\t\t\t\t\t\t\t\t<h4 class=\"display-5 text-bonet--grey-ultradark mt-4 mb-1\">Mat\u00fa\u0161 Mirrosay Demeter<\/h4>\n\t\t\t\t\t\t\t\t\t<h6>CTO&#038; Senior Data Analyst, eSoul Systems<\/h6>\n\t\t\t\t\t\t\t\t<\/div>\n\n\t\t\t\t\t\t\t<\/div>\n\t\t\t\t\t\t<\/div>\n\t\t\t\t\t<\/div>\n\t\t\t\t\t\t\t\t\t<div class=\"row \">\n\t\t\t\t\t\t<div class=\"col-xl-8 mx-auto\">\n\t\t\t\t\t\t\t<div class=\"row align-items-center justify-content-between\">\n\t\t\t\t\t\t\t\t<div class=\"col-12 text-center\">\n\t\t\t\t\t\t\t\t\t<p class=\"lead mb-4\">&#8220;Jakub in Bonet is either cloned or AI. You count the reaction time to fix the problem in seconds. A solution for even the most impatient clients\/psychopaths. With Bonet, you have one less problem.&#8221;<\/p>\n\t\t\t\t\t\t\t\t\t<div class=\"w-25 mx-auto bg-bonet--grey-dark-1\" style=\"height: 1px; max-width: 102px;\"><\/div>\n\t\t\t\t\t\t\t\t\t<h4 class=\"display-5 text-bonet--grey-ultradark mt-4 mb-1\">Richard Kov\u00e1\u010d<\/h4>\n\t\t\t\t\t\t\t\t\t<h6>CEO, GAS product &#038; services a.s.<\/h6>\n\t\t\t\t\t\t\t\t<\/div>\n\n\t\t\t\t\t\t\t<\/div>\n\t\t\t\t\t\t<\/div>\n\t\t\t\t\t<\/div>\n\t\t\t\t\t\t\t\t\t<div class=\"row \">\n\t\t\t\t\t\t<div class=\"col-xl-8 mx-auto\">\n\t\t\t\t\t\t\t<div class=\"row align-items-center justify-content-between\">\n\t\t\t\t\t\t\t\t<div class=\"col-12 text-center\">\n\t\t\t\t\t\t\t\t\t<p class=\"lead mb-4\">&#8220;We&#8217;ve been working with BONET for a number of years now and their professional approach, flexibility and willingness to help is very commendable. Our collaboration has been effective, benefiting both sides immensely.  We communicate almost every day, discussing and resolving issues, proposing solutions and purchasing office IT equipment. BONET always offers invaluable assistance and recommends optimal solutions. Their valuable input helps us immensely.&#8221;<\/p>\n\t\t\t\t\t\t\t\t\t<div class=\"w-25 mx-auto bg-bonet--grey-dark-1\" style=\"height: 1px; max-width: 102px;\"><\/div>\n\t\t\t\t\t\t\t\t\t<h4 class=\"display-5 text-bonet--grey-ultradark mt-4 mb-1\">J\u00e1nos Ga\u00e1l<\/h4>\n\t\t\t\t\t\t\t\t\t<h6>CEO, Akzent BigBoard, a.s<\/h6>\n\t\t\t\t\t\t\t\t<\/div>\n\n\t\t\t\t\t\t\t<\/div>\n\t\t\t\t\t\t<\/div>\n\t\t\t\t\t<\/div>\n\t\t\t\t\t\t\t<\/div>\n<\/section>\n\n\n\n\n<section  class=\"py-5\">\n\t<div class=\"container\">\n\t\t<div class=\"row\">\n\t\t\t<div class=\"col-12\">\n\t\t\t\t<p class=\"lead mb-4 text-bonet--grey-ultradark\">We are proud partners of<\/p>\n\t\t\t<\/div>\n\t\t<\/div>\n\t\t<div class=\"row\">\n\t\t\t\t\t\t\t\t<div class=\"col-md-4 mb-3\">\n\t\t\t\t\t\t<div class=\"p-4 h-100 bg-bonet--grey-light-2 d-flex justify-content-center align-items-center\" style=\"min-height: 200px;\">\n\t\t\t\t\t\t\t<img decoding=\"async\" src=\"https:\/\/i0.wp.com\/bonet.systems\/wp-content\/uploads\/2023\/03\/cisco1.png?fit=93%2C51&#038;ssl=1\"  srcset=\"https:\/\/bonet.systems\/wp-content\/uploads\/2023\/03\/cisco1@2x.png 2x\"  alt=\"\" \/>\n\t\t\t\t\t\t<\/div>\n\t\t\t\t\t<\/div>\n\t\t\t\t\t\t\t\t\t<div class=\"col-md-4 mb-3\">\n\t\t\t\t\t\t<div class=\"p-4 h-100 bg-bonet--grey-light-2 d-flex justify-content-center align-items-center\" style=\"min-height: 200px;\">\n\t\t\t\t\t\t\t<img decoding=\"async\" src=\"https:\/\/i0.wp.com\/bonet.systems\/wp-content\/uploads\/2023\/03\/paloalto.png?fit=126%2C43&#038;ssl=1\"  srcset=\"https:\/\/bonet.systems\/wp-content\/uploads\/2023\/03\/paloalto@2x.png 2x\"  alt=\"\" \/>\n\t\t\t\t\t\t<\/div>\n\t\t\t\t\t<\/div>\n\t\t\t\t\t\t\t\t\t<div class=\"col-md-4 mb-3\">\n\t\t\t\t\t\t<div class=\"p-4 h-100 bg-bonet--grey-light-2 d-flex justify-content-center align-items-center\" style=\"min-height: 200px;\">\n\t\t\t\t\t\t\t<img decoding=\"async\" src=\"https:\/\/i0.wp.com\/bonet.systems\/wp-content\/uploads\/2023\/03\/fortinet.png?fit=176%2C23&#038;ssl=1\"  srcset=\"https:\/\/bonet.systems\/wp-content\/uploads\/2023\/03\/fortinet@2x.png 2x\"  alt=\"\" \/>\n\t\t\t\t\t\t<\/div>\n\t\t\t\t\t<\/div>\n\t\t\t\t\t\t<\/div>\n\t<\/div>\n<\/section>\n","protected":false},"excerpt":{"rendered":"","protected":false},"author":4,"featured_media":0,"parent":0,"menu_order":0,"comment_status":"closed","ping_status":"closed","template":"","meta":{"_acf_changed":false,"inline_featured_image":false,"footnotes":""},"class_list":["post-1240","page","type-page","status-publish","hentry"],"acf":[],"jetpack_sharing_enabled":true,"_links":{"self":[{"href":"https:\/\/bonet.systems\/en\/wp-json\/wp\/v2\/pages\/1240","targetHints":{"allow":["GET"]}}],"collection":[{"href":"https:\/\/bonet.systems\/en\/wp-json\/wp\/v2\/pages"}],"about":[{"href":"https:\/\/bonet.systems\/en\/wp-json\/wp\/v2\/types\/page"}],"author":[{"embeddable":true,"href":"https:\/\/bonet.systems\/en\/wp-json\/wp\/v2\/users\/4"}],"replies":[{"embeddable":true,"href":"https:\/\/bonet.systems\/en\/wp-json\/wp\/v2\/comments?post=1240"}],"version-history":[{"count":2,"href":"https:\/\/bonet.systems\/en\/wp-json\/wp\/v2\/pages\/1240\/revisions"}],"predecessor-version":[{"id":1243,"href":"https:\/\/bonet.systems\/en\/wp-json\/wp\/v2\/pages\/1240\/revisions\/1243"}],"wp:attachment":[{"href":"https:\/\/bonet.systems\/en\/wp-json\/wp\/v2\/media?parent=1240"}],"curies":[{"name":"wp","href":"https:\/\/api.w.org\/{rel}","templated":true}]}}